{"id":733,"date":"2021-10-12T18:44:17","date_gmt":"2021-10-12T16:44:17","guid":{"rendered":"https:\/\/od0yxajtfm.preview.infomaniak.website\/legal-notices\/"},"modified":"2022-06-22T18:01:20","modified_gmt":"2022-06-22T16:01:20","slug":"mentions-legales","status":"publish","type":"page","link":"https:\/\/sppp53.com\/fr\/mentions-legales\/","title":{"rendered":"Mentions l\u00e9gales"},"content":{"rendered":"<p>Vous trouverez le r\u00e9capitulatif des indicateurs de l&rsquo;index de l&rsquo;\u00e9galit\u00e9 professionnelle femmes-hommes de SPPP53 en cliquant ici<\/p>\n","protected":false},"excerpt":{"rendered":"<p>Vous trouverez le r\u00e9capitulatif des indicateurs de l&rsquo;index de l&rsquo;\u00e9galit\u00e9 professionnelle femmes-hommes de SPPP53 en cliquant ici<\/p>\n","protected":false},"author":1,"featured_media":0,"parent":0,"menu_order":54,"comment_status":"closed","ping_status":"closed","template":"template-mentions.php","meta":{"_acf_changed":false,"footnotes":""},"class_list":["post-733","page","type-page","status-publish","hentry"],"acf":[],"_links":{"self":[{"href":"https:\/\/sppp53.com\/fr\/wp-json\/wp\/v2\/pages\/733","targetHints":{"allow":["GET"]}}],"collection":[{"href":"https:\/\/sppp53.com\/fr\/wp-json\/wp\/v2\/pages"}],"about":[{"href":"https:\/\/sppp53.com\/fr\/wp-json\/wp\/v2\/types\/page"}],"author":[{"embeddable":true,"href":"https:\/\/sppp53.com\/fr\/wp-json\/wp\/v2\/users\/1"}],"replies":[{"embeddable":true,"href":"https:\/\/sppp53.com\/fr\/wp-json\/wp\/v2\/comments?post=733"}],"version-history":[{"count":6,"href":"https:\/\/sppp53.com\/fr\/wp-json\/wp\/v2\/pages\/733\/revisions"}],"predecessor-version":[{"id":1253,"href":"https:\/\/sppp53.com\/fr\/wp-json\/wp\/v2\/pages\/733\/revisions\/1253"}],"wp:attachment":[{"href":"https:\/\/sppp53.com\/fr\/wp-json\/wp\/v2\/media?parent=733"}],"curies":[{"name":"wp","href":"https:\/\/api.w.org\/{rel}","templated":true}]}}